{"id":7,"date":"2021-04-19T18:29:02","date_gmt":"2021-04-19T16:29:02","guid":{"rendered":"https:\/\/www.porsmelen.fr\/?page_id=7"},"modified":"2025-02-19T17:07:37","modified_gmt":"2025-02-19T16:07:37","slug":"a-propos-de","status":"publish","type":"page","link":"https:\/\/www.porsmelen.fr\/?page_id=7","title":{"rendered":"\u00c0 propos de"},"content":{"rendered":"\n<p><br>Site web personnel pour exposer mes points de vue sur diff\u00e9rents sujets.<\/p>\n\n\n\n<p><br>Chacun est libre de r\u00e9pondre \u00e0 n\u2019importe lequel des articles du moment que cela se fait avec respect et honn\u00eatet\u00e9. Chaque commentaire est soumis \u00e0 ma censure. Je m\u2019engage \u00e0 ne censurer que les messages qui ne respecte pas les personnes lecteurs\/lectrices et auteurs des articles ainsi que tous messages malhonn\u00eates renvoyant sur des URL de sites commerciaux ou irrespectueux.<\/p>\n\n\n\n<p><br>J\u2019ai cr\u00e9\u00e9 ce site au moment o\u00f9 la censure s\u2019est impos\u00e9e \u00e0 tous les fran\u00e7ais et europ\u00e9ens lors de la crise du COVID. <br>Je continue \u00e0 propos de tous les sujets qui me semblent biais\u00e9es par un discours impos\u00e9. Ils existent de multiples fa\u00e7ons d\u2019expliquer nombre d\u2019\u00e9v\u00e8nements et je refuse que me soit impos\u00e9 une seule vision. Surtout si cette vision vient d\u2019un groupe dominant refusant le d\u00e9bat.<\/p>\n\n\n\n<p>Ici le d\u00e9bat est libre, \u00e0 chacun d\u2019apporter ses arguments.<\/p>\n\n\n\n<p>Je suis seul \u00e0 g\u00e9rer ce site donc soyez tol\u00e9rant si la publication de vos commentaires ne se fait pas \u00e0 la vitesse \u00e0 laquelle vous auriez estim\u00e9 que cela soit fait.<br><\/p>\n\n\n\n<p><br><\/p>\n","protected":false},"excerpt":{"rendered":"<p>Site web personnel pour exposer mes points de vue sur diff\u00e9rents sujets. Chacun est libre de r\u00e9pondre \u00e0 n\u2019importe lequel des articles du moment que cela se fait avec respect et honn\u00eatet\u00e9. Chaque commentaire est soumis \u00e0 ma censure. Je m\u2019engage \u00e0 ne censurer que les messages qui ne respecte pas les personnes lecteurs\/lectrices et&hellip; <a class=\"more-link\" href=\"https:\/\/www.porsmelen.fr\/?page_id=7\">Poursuivre la lecture <span class=\"screen-reader-text\">\u00c0 propos de<\/span><\/a><\/p>\n","protected":false},"author":1,"featured_media":0,"parent":0,"menu_order":0,"comment_status":"closed","ping_status":"closed","template":"","meta":{"footnotes":""},"class_list":["post-7","page","type-page","status-publish","hentry","entry"],"_links":{"self":[{"href":"https:\/\/www.porsmelen.fr\/index.php?rest_route=\/wp\/v2\/pages\/7","targetHints":{"allow":["GET"]}}],"collection":[{"href":"https:\/\/www.porsmelen.fr\/index.php?rest_route=\/wp\/v2\/pages"}],"about":[{"href":"https:\/\/www.porsmelen.fr\/index.php?rest_route=\/wp\/v2\/types\/page"}],"author":[{"embeddable":true,"href":"https:\/\/www.porsmelen.fr\/index.php?rest_route=\/wp\/v2\/users\/1"}],"replies":[{"embeddable":true,"href":"https:\/\/www.porsmelen.fr\/index.php?rest_route=%2Fwp%2Fv2%2Fcomments&post=7"}],"version-history":[{"count":7,"href":"https:\/\/www.porsmelen.fr\/index.php?rest_route=\/wp\/v2\/pages\/7\/revisions"}],"predecessor-version":[{"id":111,"href":"https:\/\/www.porsmelen.fr\/index.php?rest_route=\/wp\/v2\/pages\/7\/revisions\/111"}],"wp:attachment":[{"href":"https:\/\/www.porsmelen.fr\/index.php?rest_route=%2Fwp%2Fv2%2Fmedia&parent=7"}],"curies":[{"name":"wp","href":"https:\/\/api.w.org\/{rel}","templated":true}]}}